{"id":1709,"date":"2024-05-22T15:26:59","date_gmt":"2024-05-22T12:26:59","guid":{"rendered":"http:\/\/maitar.ee\/?page_id=1709"},"modified":"2024-05-22T15:49:27","modified_gmt":"2024-05-22T12:49:27","slug":"kupsiste-poliitika","status":"publish","type":"page","link":"http:\/\/maitar.ee\/en\/kupsiste-poliitika\/","title":{"rendered":"Cookie Policy"},"content":{"rendered":"","protected":false},"excerpt":{"rendered":"","protected":false},"author":2,"featured_media":0,"parent":0,"menu_order":0,"comment_status":"closed","ping_status":"closed","template":"","meta":{"_acf_changed":false,"_seopress_robots_primary_cat":"","_seopress_titles_title":"%%post_title%% %%sep%% %%sitetitle%%","_seopress_titles_desc":"K\u00fcpsiste poliitika selgitab, mis on k\u00fcpsised ja kuidas me neid kasutame, millist t\u00fc\u00fcpi k\u00fcpsiseid me kasutame ning kuidas k\u00fcpsiste seadeid hallata.","_seopress_robots_index":"","footnotes":""},"tags":[],"class_list":["post-1709","page","type-page","status-publish","hentry"],"acf":[],"_links":{"self":[{"href":"http:\/\/maitar.ee\/en\/wp-json\/wp\/v2\/pages\/1709","targetHints":{"allow":["GET"]}}],"collection":[{"href":"http:\/\/maitar.ee\/en\/wp-json\/wp\/v2\/pages"}],"about":[{"href":"http:\/\/maitar.ee\/en\/wp-json\/wp\/v2\/types\/page"}],"author":[{"embeddable":true,"href":"http:\/\/maitar.ee\/en\/wp-json\/wp\/v2\/users\/2"}],"replies":[{"embeddable":true,"href":"http:\/\/maitar.ee\/en\/wp-json\/wp\/v2\/comments?post=1709"}],"version-history":[{"count":0,"href":"http:\/\/maitar.ee\/en\/wp-json\/wp\/v2\/pages\/1709\/revisions"}],"wp:attachment":[{"href":"http:\/\/maitar.ee\/en\/wp-json\/wp\/v2\/media?parent=1709"}],"wp:term":[{"taxonomy":"post_tag","embeddable":true,"href":"http:\/\/maitar.ee\/en\/wp-json\/wp\/v2\/tags?post=1709"}],"curies":[{"name":"wp","href":"https:\/\/api.w.org\/{rel}","templated":true}]}}