{"id":754,"date":"2024-02-21T12:54:58","date_gmt":"2024-02-21T10:54:58","guid":{"rendered":"https:\/\/easyweb.ee\/maitar\/?page_id=754"},"modified":"2024-03-30T23:38:08","modified_gmt":"2024-03-30T21:38:08","slug":"kodulehe-arendus","status":"publish","type":"page","link":"https:\/\/maitar.ee\/en\/kodulehe-arendus\/","title":{"rendered":"Website development"},"content":{"rendered":"","protected":false},"excerpt":{"rendered":"","protected":false},"author":1,"featured_media":1220,"parent":0,"menu_order":0,"comment_status":"closed","ping_status":"closed","template":"","meta":{"_acf_changed":false,"_seopress_robots_primary_cat":"","_seopress_titles_title":"%%post_title%% %%sep%% %%sitetitle%%","_seopress_titles_desc":"Kodulehe arendus - veebilehed, e-poed, broneerimiss\u00fcsteemid, veebilehtede optimeerimine, veebilehe anal\u00fc\u00fcs, disain, haldus jne.","_seopress_robots_index":"","footnotes":""},"tags":[8],"class_list":["post-754","page","type-page","status-publish","has-post-thumbnail","hentry","tag-partners"],"acf":[],"_links":{"self":[{"href":"https:\/\/maitar.ee\/en\/wp-json\/wp\/v2\/pages\/754","targetHints":{"allow":["GET"]}}],"collection":[{"href":"https:\/\/maitar.ee\/en\/wp-json\/wp\/v2\/pages"}],"about":[{"href":"https:\/\/maitar.ee\/en\/wp-json\/wp\/v2\/types\/page"}],"author":[{"embeddable":true,"href":"https:\/\/maitar.ee\/en\/wp-json\/wp\/v2\/users\/1"}],"replies":[{"embeddable":true,"href":"https:\/\/maitar.ee\/en\/wp-json\/wp\/v2\/comments?post=754"}],"version-history":[{"count":0,"href":"https:\/\/maitar.ee\/en\/wp-json\/wp\/v2\/pages\/754\/revisions"}],"wp:featuredmedia":[{"embeddable":true,"href":"https:\/\/maitar.ee\/en\/wp-json\/wp\/v2\/media\/1220"}],"wp:attachment":[{"href":"https:\/\/maitar.ee\/en\/wp-json\/wp\/v2\/media?parent=754"}],"wp:term":[{"taxonomy":"post_tag","embeddable":true,"href":"https:\/\/maitar.ee\/en\/wp-json\/wp\/v2\/tags?post=754"}],"curies":[{"name":"wp","href":"https:\/\/api.w.org\/{rel}","templated":true}]}}